{"id":39,"date":"2020-11-19T17:32:37","date_gmt":"2020-11-19T17:32:37","guid":{"rendered":"https:\/\/volker-kaib.de\/wp\/?page_id=39"},"modified":"2021-03-21T15:44:17","modified_gmt":"2021-03-21T14:44:17","slug":"yes","status":"publish","type":"page","link":"https:\/\/volker-kaib.de\/wp\/yes\/","title":{"rendered":"YES"},"content":{"rendered":"\n<p>Ihre Lieder sind anspruchsvoll, ihre Text hochwertig und so versuchen sie das Publikum zum Denken und \u00fcberlegen anzuregen.<\/p>\n\n\n\n<div class=\"wp-block-group alignwide\"><div class=\"wp-block-group__inner-container is-layout-flow wp-block-group-is-layout-flow\">\n<div class=\"wp-block-group alignwide\"><div class=\"wp-block-group__inner-container is-layout-flow wp-block-group-is-layout-flow\">\n<div class=\"wp-block-media-text alignwide is-stacked-on-mobile\"><figure class=\"wp-block-media-text__media\"><img loading=\"lazy\" decoding=\"async\" width=\"400\" height=\"250\" src=\"https:\/\/volker-kaib.de\/wp\/wp-content\/uploads\/2021\/03\/Yes-1969.jpg\" alt=\"\" class=\"wp-image-1774 size-full\" srcset=\"https:\/\/volker-kaib.de\/wp\/wp-content\/uploads\/2021\/03\/Yes-1969.jpg 400w, https:\/\/volker-kaib.de\/wp\/wp-content\/uploads\/2021\/03\/Yes-1969-300x188.jpg 300w\" sizes=\"auto, (max-width: 400px) 100vw, 400px\" \/><\/figure><div class=\"wp-block-media-text__content\">\n<p>Schon zwei Jahre nach der Gr\u00fcndung Steve Howe 1970 Peter Banks. Rick Wakeman kommt 1971 f\u00fcr Tony Kaye. 1972 wechselt Alan White zu Yes, w\u00e4hrend Bill Bruford die Band verl\u00e4sst. <\/p>\n\n\n\n<p>Rick Wakeman ist der tonangebende Mann zu dieser Zeit. Er spielt nahezu jedes Tasteninstrument wie das Mellotron oder Synthesizer und pr\u00e4gt dadurch den Sound von Yes in dieser Zeit. Das Album Yessongs wird ma\u00dfgeblich von ihm gepr\u00e4gt. Doch es steht wieder eine Ver\u00e4nderung in der Gruppe an. Wakeman verl\u00e4sst 1973 die Band und startet eine erfolgreiche Solokarriere. Sein Nachfolger Patrick Moraz kann ihn zu keiner Zeit das Wasser reichen und wird schlie\u00dflich nach einer Welttournee 1976 gefeuert.<br>Wiederum ist es Wakeman der den frei gewordenen Posten in der Band besetzt. Fr\u00fcchte dieser Arbeit werden Going For The One und Tormato. 1979 steht wieder im Zeichen eines Wechsels Wakeman m\u00f6chte seine Solokarriere wieder ankurbeln und verl\u00e4sst die Band erneut. Das bewegt auch Jon Anderson der Band den R\u00fccken zuzukehren. Yes verliert seine besten Bandmitglieder und somit auch den f\u00fcr sie typischen Klang.<\/p>\n<\/div><\/div>\n\n\n\n<p><\/p>\n<\/div><\/div>\n<\/div><\/div>\n\n\n\n<p><br> Trevor Horn und Jon Anderson verhelfen der Band 1983 zu einem Comeback mit dem Album 90125. Die Singleauskopplung Owner Of A Lonely Heart wird ein internationaler Hit. Die folgende Tour wird nicht nur ein k\u00fcnstlerisch umjubelter sondern auch ein finanzieller Erfolg. Chris Squire ist zu diesem Zeitpunkt nicht mehr mit von der Partie. Er h\u00e4lt jedoch alle Rechte an den Namen Yes und kann somit eine weitere Zusammenarbeit unter diesen Namen 1988 verbieten. Ihre Comebackplatte erscheint unter dem Namen Anderson, Bruford, Wakeman und Howe.<\/p>\n\n\n\n<figure class=\"wp-block-image size-large\"><img loading=\"lazy\" decoding=\"async\" width=\"400\" height=\"125\" src=\"https:\/\/volker-kaib.de\/wp\/wp-content\/uploads\/2021\/03\/Yes-1991.jpg\" alt=\"\" class=\"wp-image-1775\" srcset=\"https:\/\/volker-kaib.de\/wp\/wp-content\/uploads\/2021\/03\/Yes-1991.jpg 400w, https:\/\/volker-kaib.de\/wp\/wp-content\/uploads\/2021\/03\/Yes-1991-300x94.jpg 300w\" sizes=\"auto, (max-width: 400px) 100vw, 400px\" \/><\/figure>\n\n\n\n<p>Die gro\u00dfe Vers\u00f6hnung kommt endlich 1991. Der Name der neuen LP zeigt dies deutlich &#8211; Union. Aber Yes w\u00e4re nicht Yes, wenn es keinen st\u00e4ndigen Wechsel geben w\u00fcrde. Die folgende Zeit ist von vielen Wechseln innerhalb der Band gepr\u00e4gt. Das 1996er Album Keys To Ascension leitet eine kritische Phase ein. Nur wenn das Publikum weiter zu Yes h\u00e4lt, wollen sie weiter machen.<br>Aber niemand hat sie vergessen. 2001 erscheint Magnification. Trotz aller Wechsel und Querelen waren Yes immer eine k\u00fcnstlerisch anspruchsvolle Band, die von vielen Liebesungl\u00fccklichen in schweren Stunden im Hinterzimmer geh\u00f6rt wurden. Sie sind keine Retortenband sondern eine Art von Kunst \u2026 und sie werden es hoffentlich noch lange sein.<\/p>\n\n\n\n<figure class=\"wp-block-image size-large\"><img loading=\"lazy\" decoding=\"async\" width=\"400\" height=\"250\" src=\"https:\/\/volker-kaib.de\/wp\/wp-content\/uploads\/2021\/03\/Yes-2006.jpg\" alt=\"\" class=\"wp-image-1776\" srcset=\"https:\/\/volker-kaib.de\/wp\/wp-content\/uploads\/2021\/03\/Yes-2006.jpg 400w, https:\/\/volker-kaib.de\/wp\/wp-content\/uploads\/2021\/03\/Yes-2006-300x188.jpg 300w\" sizes=\"auto, (max-width: 400px) 100vw, 400px\" \/><\/figure>\n\n\n\n<p><\/p>\n","protected":false},"excerpt":{"rendered":"<p>Ihre Lieder sind anspruchsvoll, ihre Text hochwertig und so versuchen sie das Publikum zum Denken und \u00fcberlegen anzuregen. Schon zwei<\/p>\n<p><a href=\"https:\/\/volker-kaib.de\/wp\/yes\/\" class=\"more-link\">Continue reading<span class=\"screen-reader-text\">YES<\/span><\/a><\/p>\n","protected":false},"author":1,"featured_media":0,"parent":0,"menu_order":0,"comment_status":"closed","ping_status":"closed","template":"","meta":{"ngg_post_thumbnail":0,"footnotes":""},"class_list":["post-39","page","type-page","status-publish","hentry"],"_links":{"self":[{"href":"https:\/\/volker-kaib.de\/wp\/wp-json\/wp\/v2\/pages\/39","targetHints":{"allow":["GET"]}}],"collection":[{"href":"https:\/\/volker-kaib.de\/wp\/wp-json\/wp\/v2\/pages"}],"about":[{"href":"https:\/\/volker-kaib.de\/wp\/wp-json\/wp\/v2\/types\/page"}],"author":[{"embeddable":true,"href":"https:\/\/volker-kaib.de\/wp\/wp-json\/wp\/v2\/users\/1"}],"replies":[{"embeddable":true,"href":"https:\/\/volker-kaib.de\/wp\/wp-json\/wp\/v2\/comments?post=39"}],"version-history":[{"count":11,"href":"https:\/\/volker-kaib.de\/wp\/wp-json\/wp\/v2\/pages\/39\/revisions"}],"predecessor-version":[{"id":1778,"href":"https:\/\/volker-kaib.de\/wp\/wp-json\/wp\/v2\/pages\/39\/revisions\/1778"}],"wp:attachment":[{"href":"https:\/\/volker-kaib.de\/wp\/wp-json\/wp\/v2\/media?parent=39"}],"curies":[{"name":"wp","href":"https:\/\/api.w.org\/{rel}","templated":true}]}}